{"id":15,"date":"2009-09-22T20:21:48","date_gmt":"2009-09-22T18:21:48","guid":{"rendered":"http:\/\/ellenkc.dk\/blog\/?page_id=15"},"modified":"2014-10-07T12:35:18","modified_gmt":"2014-10-07T10:35:18","slug":"om-ellen","status":"publish","type":"page","link":"https:\/\/www.ellenkc.dk\/blog\/?page_id=15","title":{"rendered":"Om Ellen"},"content":{"rendered":"<p>Ellen blev f\u00f8dt p\u00e5 ganske almindelig vis 20. marts 2008 klokken 12.59. En sund og velskabt pige p\u00e5 3540 gram og 51 centimeter.<\/p>\n<p>Hun voksede sig hurtigt st\u00f8rre, allerede efter seks dage var hun over 4000 gram.<\/p>\n<div id=\"attachment_16\" style=\"width: 410px\" class=\"wp-caption alignnone\"><img loading=\"lazy\" decoding=\"async\" aria-describedby=\"caption-attachment-16\" class=\"size-full wp-image-16\" title=\"Ellen 8 dage gammel.\" src=\"http:\/\/ellenkc.dk\/blog\/wp-content\/uploads\/2009\/09\/IMG_1168.JPG\" alt=\"Ellen 8 dage gammel.\" width=\"400\" height=\"286\" \/><p id=\"caption-attachment-16\" class=\"wp-caption-text\">Ellen 8 dage gammel.<\/p><\/div>\n<p>19 dage gammel skulle mor opereres, s\u00e5 Ellen m\u00e5tte f\u00e5 flaske en halv dag. Det er det eneste hun har f\u00e5et af den slags, for mor er en god malkeko og da Ellen blev halvandet fik hun stadig en t\u00e5r hver morgen &#8211; bare s\u00e5dan for hyggens skyld.<\/p>\n<p>Ellen har altid haft krudt i numsen og v\u00e6ret udforskene. Hun vil opleve alt og er ikke bange for at sl\u00e5 sig eller komme til skade. Syg bliver hun heller aldrig, bortset lige fra et par mellem\u00f8rebet\u00e6ndelser. Men bl\u00e5 m\u00e6rker og sm\u00e5s\u00e5r har vi set masser af. \ud83d\ude42<\/p>\n<div id=\"attachment_17\" style=\"width: 368px\" class=\"wp-caption alignnone\"><img loading=\"lazy\" decoding=\"async\" aria-describedby=\"caption-attachment-17\" class=\"size-full wp-image-17\" title=\"Et halvt \u00e5r gammel - sidder selv og spiser.\" src=\"http:\/\/ellenkc.dk\/blog\/wp-content\/uploads\/2009\/09\/IMG_4298.JPG\" alt=\"Et halvt \u00e5r gammel - sidder selv og spiser.\" width=\"358\" height=\"400\" \/><p id=\"caption-attachment-17\" class=\"wp-caption-text\">Et halvt \u00e5r gammel - sidder selv og spiser.<\/p><\/div>\n<p>Hun tog sinde f\u00f8rste skridt i k\u00f8kkenet 5. februar, 10 1\/2 m\u00e5ned gammel. Og s\u00e5 gik det ellers st\u00e6rkt.<\/p>\n<p>Godt 12 m\u00e5neder gammel startede hun i dagpleje, men efter en m\u00e5ned flyttede hun over i vuggestuen i <a href=\"http:\/\/spirenulstrup.dk\/\">den integrerede institution Spiren<\/a> her i Ulstrup p\u00e5 grund af morens gigt. Det er vi ikke kede af, for det er en rigtig god vuggestue, hvor b\u00f8rnene f\u00e5r lov til at lege og blive m\u00f8gbeskidte &#8211; og en bule er ikke farlig. \ud83d\ude42<\/p>\n<div id=\"attachment_18\" style=\"width: 310px\" class=\"wp-caption alignnone\"><img loading=\"lazy\" decoding=\"async\" aria-describedby=\"caption-attachment-18\" class=\"size-full wp-image-18\" title=\"Ellens f\u00f8rste f\u00f8dselsdag.\" src=\"http:\/\/ellenkc.dk\/blog\/wp-content\/uploads\/2009\/09\/IMG_8367.JPG\" alt=\"Ellens f\u00f8rste f\u00f8dselsdag.\" width=\"300\" height=\"400\" \/><p id=\"caption-attachment-18\" class=\"wp-caption-text\">Ellens f\u00f8rste f\u00f8dselsdag.<\/p><\/div>\n<p>Omkring 13-14 m\u00e5neders alderen begyndte hun at sige rigtige forst\u00e5elige ord &#8211; men det er alts\u00e5 ikke fordi munden stod stille p\u00e5 hende indtil da!<\/p>\n<p>Som halvanden\u00e5rig spiste hun alting selv, hjalp med at tage t\u00f8j p\u00e5 og af, d\u00e6kkede bord, t\u00f8mte opvaskemaskine, elskede at f\u00e5 klippet negle, kunne nogle bogstaver og var helt generelt en rigtig b\u00f8lle. \ud83d\ude42<\/p>\n<p>Hun har altid sovet godt, har ikke noget mod at man klipper hendes negle, er nem at have med at g\u00f8re, men har et s\u00e6rdeles hidsigt temperament.<\/p>\n<div id=\"attachment_20\" style=\"width: 410px\" class=\"wp-caption alignnone\"><img loading=\"lazy\" decoding=\"async\" aria-describedby=\"caption-attachment-20\" class=\"size-full wp-image-20\" title=\"Halvandet \u00e5r og fr\u00e6k som en slagterhund!\" src=\"http:\/\/ellenkc.dk\/blog\/wp-content\/uploads\/2009\/09\/IMG_2378.JPG\" alt=\"Halvandet \u00e5r og fr\u00e6k som en slagterhund!\" width=\"400\" height=\"260\" \/><p id=\"caption-attachment-20\" class=\"wp-caption-text\">Halvandet \u00e5r og fr\u00e6k som en slagterhund!<\/p><\/div>\n<p>Som 2 \u00bd-\u00e5rig er hun blevet noget mere, ja &#8211; 2-\u00e5rig. Hun kan v\u00e6re rigtig s\u00f8d og dejlig, men hun kan ogs\u00e5 v\u00e6re noget af en pestilens. Hun snakker rigtig godt (og tit) og motorisk er hun helt med. Men hendes temperament er ogs\u00e5 vokset &#8211; hun vil selv! Ogs\u00e5 n\u00e5r hun ikke helt kan endnu og s\u00e5 bliver hun rigtig sur. <\/p>\n<div id=\"attachment_1253\" style=\"width: 310px\" class=\"wp-caption alignnone\"><a href=\"http:\/\/ellenkc.dk\/blog\/wp-content\/uploads\/2009\/09\/IMG_4821.JPG\"><img loading=\"lazy\" decoding=\"async\" aria-describedby=\"caption-attachment-1253\" src=\"http:\/\/ellenkc.dk\/blog\/wp-content\/uploads\/2009\/09\/IMG_4821-300x225.jpg\" alt=\"Anden f\u00f8dselsdag\" title=\"Anden f\u00f8dselsdag\" width=\"300\" height=\"225\" class=\"size-medium wp-image-1253\" srcset=\"https:\/\/www.ellenkc.dk\/blog\/wp-content\/uploads\/2009\/09\/IMG_4821-300x225.jpg 300w, https:\/\/www.ellenkc.dk\/blog\/wp-content\/uploads\/2009\/09\/IMG_4821.JPG 1024w\" sizes=\"auto, (max-width: 300px) 100vw, 300px\" \/><\/a><p id=\"caption-attachment-1253\" class=\"wp-caption-text\">Anden f\u00f8dselsdag<\/p><\/div>\n<p>Som 3\u00bd-\u00e5rig har hun stadigv\u00e6k masser af energi og er ikke bange for at pr\u00f8ve noget nyt. Hun er begyndt at spille computerspil p\u00e5 engelsk og kan nu t\u00e6lle s\u00e5 langt det skal v\u00e6re. Hun kan bogstaverne, men motorikken er ikke fulgt helt med. Hun kan godt skrive sit navn s\u00e5 vi kan genkende det, men jeg er ikke sikker p\u00e5 at andre kan. Hun trives rigtig godt i b\u00f8rnehaven.<\/p>\n<p>Nu er Ellen blevet 6\u00bd, g\u00e5r glad i skole, l\u00e6ser flydende, er stadigv\u00e6k meget fysisk aktiv. Grovmotorikken er helt i top, finmotorikken (eller m\u00e5ske snarere koncentrationsevnen) kniber det lidt med. Ellen har f\u00e5et konstateret autsime, s\u00e5 vi er ved at finde fodf\u00e6ste i en ny virkelighed, der mest af alt ligner den gamle, men alligevel ikke helt er det. <\/p>\n","protected":false},"excerpt":{"rendered":"<p>Ellen blev f\u00f8dt p\u00e5 ganske almindelig vis 20. marts 2008 klokken 12.59. En sund og velskabt pige p\u00e5 3540 gram og 51 centimeter. Hun voksede sig hurtigt st\u00f8rre, allerede efter seks dage var hun over 4000 gram. 19 dage gammel skulle mor opereres, s\u00e5 Ellen m\u00e5tte f\u00e5 flaske en halv dag. Det er det eneste [&hellip;]<\/p>\n","protected":false},"author":3,"featured_media":0,"parent":0,"menu_order":0,"comment_status":"open","ping_status":"open","template":"","meta":{"footnotes":""},"class_list":["post-15","page","type-page","status-publish","hentry"],"_links":{"self":[{"href":"https:\/\/www.ellenkc.dk\/blog\/index.php?rest_route=\/wp\/v2\/pages\/15","targetHints":{"allow":["GET"]}}],"collection":[{"href":"https:\/\/www.ellenkc.dk\/blog\/index.php?rest_route=\/wp\/v2\/pages"}],"about":[{"href":"https:\/\/www.ellenkc.dk\/blog\/index.php?rest_route=\/wp\/v2\/types\/page"}],"author":[{"embeddable":true,"href":"https:\/\/www.ellenkc.dk\/blog\/index.php?rest_route=\/wp\/v2\/users\/3"}],"replies":[{"embeddable":true,"href":"https:\/\/www.ellenkc.dk\/blog\/index.php?rest_route=%2Fwp%2Fv2%2Fcomments&post=15"}],"version-history":[{"count":7,"href":"https:\/\/www.ellenkc.dk\/blog\/index.php?rest_route=\/wp\/v2\/pages\/15\/revisions"}],"predecessor-version":[{"id":4580,"href":"https:\/\/www.ellenkc.dk\/blog\/index.php?rest_route=\/wp\/v2\/pages\/15\/revisions\/4580"}],"wp:attachment":[{"href":"https:\/\/www.ellenkc.dk\/blog\/index.php?rest_route=%2Fwp%2Fv2%2Fmedia&parent=15"}],"curies":[{"name":"wp","href":"https:\/\/api.w.org\/{rel}","templated":true}]}}