{"id":1640,"date":"2011-01-18T19:56:06","date_gmt":"2011-01-18T18:56:06","guid":{"rendered":"http:\/\/ellenkc.dk\/blog\/?page_id=1640"},"modified":"2014-10-07T12:38:09","modified_gmt":"2014-10-07T10:38:09","slug":"om-karen","status":"publish","type":"page","link":"https:\/\/www.ellenkc.dk\/blog\/?page_id=1640","title":{"rendered":"Om Karen"},"content":{"rendered":"<p>Karen blev f\u00f8dt p\u00e5 ganske almindelig vis (omend noget hurtigt) 12. januar 2011 klokken 12.58. En sund og velskabt pige p\u00e5 3430 gram og 52 centimeter.<\/p>\n<p><a href=\"http:\/\/ellenkc.dk\/blog\/wp-content\/uploads\/2011\/01\/IMG_7897.jpg\"><img loading=\"lazy\" decoding=\"async\" src=\"http:\/\/ellenkc.dk\/blog\/wp-content\/uploads\/2011\/01\/IMG_7897-300x162.jpg\" alt=\"Fire uger gammel\" title=\"Fire uger gammel\" width=\"300\" height=\"162\" class=\"alignnone size-medium wp-image-2688\" srcset=\"https:\/\/www.ellenkc.dk\/blog\/wp-content\/uploads\/2011\/01\/IMG_7897-300x162.jpg 300w, https:\/\/www.ellenkc.dk\/blog\/wp-content\/uploads\/2011\/01\/IMG_7897-1024x555.jpg 1024w\" sizes=\"auto, (max-width: 300px) 100vw, 300px\" \/><\/a><\/p>\n<p>Karen blev fuldammet indtil hun var ca. 5 m\u00e5neder, men s\u00e5 var det alts\u00e5 ikke nok l\u00e6ngere og hun gik mere eller mindre direkte over til kartofler, gr\u00f8ntsager, k\u00f8d og sovs. Samtidig l\u00e6rte hun at sidde og kravlen kom ca. en m\u00e5ned efter.<\/p>\n<p><a href=\"http:\/\/ellenkc.dk\/blog\/wp-content\/uploads\/2011\/01\/IMG_0422.jpg\"><img loading=\"lazy\" decoding=\"async\" src=\"http:\/\/ellenkc.dk\/blog\/wp-content\/uploads\/2011\/01\/IMG_0422-300x225.jpg\" alt=\"Spiser selv - 6 m\u00e5neder gammel\" title=\"Spiser selv - 6 m\u00e5neder gammel\" width=\"300\" height=\"225\" class=\"alignnone size-medium wp-image-2689\" srcset=\"https:\/\/www.ellenkc.dk\/blog\/wp-content\/uploads\/2011\/01\/IMG_0422-300x225.jpg 300w, https:\/\/www.ellenkc.dk\/blog\/wp-content\/uploads\/2011\/01\/IMG_0422-1024x768.jpg 1024w\" sizes=\"auto, (max-width: 300px) 100vw, 300px\" \/><\/a><\/p>\n<p>1. november startede hun i vuggestue og det gik lige s\u00e5 nemt som vi regnede med: Aflever og g\u00e5. Hun trives virkelig i vuggestuen, selvom hun er klart den yngste. <\/p>\n<p>Nu hvor hun er n\u00e6sten 14 m\u00e5neder har hun lige taget de f\u00f8rste skridt, kravler op p\u00e5 ALT og snakker l\u00f8s. Ups, hov og se der er de mest brugte ord &#8211; det er i hvert fald dem vi forst\u00e5r. \ud83d\ude42<\/p>\n<p><img decoding=\"async\" alt=\"\" src=\"http:\/\/ellenkc.dk\/blog\/wp-content\/uploads\/2012\/02\/IMG_4630.jpg\" title=\"Til fastelavn i vuggestuen\" class=\"alignnone\" width=\"300\" \/><\/p>\n<p>Nu er Karen jo s\u00e5 forl\u00e6ngst ude af vuggestuen og g\u00e5r i b\u00f8rnehave (3 \u00e5r og 9 m\u00e5neder) &#8211; og det er hun rigtig glad for. Der har v\u00e6ret noget mistrivsel i forbindelse med et h\u00e5rdt for\u00e5r, men nu g\u00e5r det vist den rigtige vej. Hun har i hvert fald lige besluttet sig for at hun ikke bruger ble mere. Hun snakker flydende, kan tallene og de fleste bogstaver &#8211; hun begynder endda at stave ogs\u00e5, for det g\u00f8r Ellen jo. \ud83d\ude42<\/p>\n","protected":false},"excerpt":{"rendered":"<p>Karen blev f\u00f8dt p\u00e5 ganske almindelig vis (omend noget hurtigt) 12. januar 2011 klokken 12.58. En sund og velskabt pige p\u00e5 3430 gram og 52 centimeter. Karen blev fuldammet indtil hun var ca. 5 m\u00e5neder, men s\u00e5 var det alts\u00e5 ikke nok l\u00e6ngere og hun gik mere eller mindre direkte over til kartofler, gr\u00f8ntsager, k\u00f8d [&hellip;]<\/p>\n","protected":false},"author":3,"featured_media":0,"parent":0,"menu_order":0,"comment_status":"open","ping_status":"open","template":"","meta":{"footnotes":""},"class_list":["post-1640","page","type-page","status-publish","hentry"],"_links":{"self":[{"href":"https:\/\/www.ellenkc.dk\/blog\/index.php?rest_route=\/wp\/v2\/pages\/1640","targetHints":{"allow":["GET"]}}],"collection":[{"href":"https:\/\/www.ellenkc.dk\/blog\/index.php?rest_route=\/wp\/v2\/pages"}],"about":[{"href":"https:\/\/www.ellenkc.dk\/blog\/index.php?rest_route=\/wp\/v2\/types\/page"}],"author":[{"embeddable":true,"href":"https:\/\/www.ellenkc.dk\/blog\/index.php?rest_route=\/wp\/v2\/users\/3"}],"replies":[{"embeddable":true,"href":"https:\/\/www.ellenkc.dk\/blog\/index.php?rest_route=%2Fwp%2Fv2%2Fcomments&post=1640"}],"version-history":[{"count":9,"href":"https:\/\/www.ellenkc.dk\/blog\/index.php?rest_route=\/wp\/v2\/pages\/1640\/revisions"}],"predecessor-version":[{"id":4581,"href":"https:\/\/www.ellenkc.dk\/blog\/index.php?rest_route=\/wp\/v2\/pages\/1640\/revisions\/4581"}],"wp:attachment":[{"href":"https:\/\/www.ellenkc.dk\/blog\/index.php?rest_route=%2Fwp%2Fv2%2Fmedia&parent=1640"}],"curies":[{"name":"wp","href":"https:\/\/api.w.org\/{rel}","templated":true}]}}